{"id":2,"date":"2022-02-22T11:37:57","date_gmt":"2022-02-22T11:37:57","guid":{"rendered":"https:\/\/ragane-mistika.lt\/?page_id=2"},"modified":"2025-10-30T17:48:06","modified_gmt":"2025-10-30T17:48:06","slug":"sample-page","status":"publish","type":"page","link":"https:\/\/ragane-mistika.lt\/","title":{"rendered":"\u012era\u0161ai"},"content":{"rendered":"\n<p>Skaitykite nauj\u0105 spalio m\u0117nesio \u012fra\u0161\u0105.<\/p>\n\n\n\n<p><\/p>\n\n\n\n<p>Prid\u0117kite savo \u012fra\u0161us, para\u0161ykite savo komentarus.<\/p>\n\n\n\n<p class=\"has-text-align-right\"><strong>Ragan\u0117 &#8211; Mistika<\/strong><\/p>\n\n\n\n<p><\/p>\n","protected":false},"excerpt":{"rendered":"<p>Skaitykite nauj\u0105 spalio m\u0117nesio \u012fra\u0161\u0105. Prid\u0117kite savo \u012fra\u0161us, para\u0161ykite savo komentarus. Ragan\u0117 &#8211; Mistika<\/p>\n","protected":false},"author":1,"featured_media":0,"parent":0,"menu_order":0,"comment_status":"closed","ping_status":"closed","template":"","meta":{"footnotes":""},"class_list":["post-2","page","type-page","status-publish","hentry"],"_links":{"self":[{"href":"https:\/\/ragane-mistika.lt\/index.php?rest_route=\/wp\/v2\/pages\/2","targetHints":{"allow":["GET"]}}],"collection":[{"href":"https:\/\/ragane-mistika.lt\/index.php?rest_route=\/wp\/v2\/pages"}],"about":[{"href":"https:\/\/ragane-mistika.lt\/index.php?rest_route=\/wp\/v2\/types\/page"}],"author":[{"embeddable":true,"href":"https:\/\/ragane-mistika.lt\/index.php?rest_route=\/wp\/v2\/users\/1"}],"replies":[{"embeddable":true,"href":"https:\/\/ragane-mistika.lt\/index.php?rest_route=%2Fwp%2Fv2%2Fcomments&post=2"}],"version-history":[{"count":18,"href":"https:\/\/ragane-mistika.lt\/index.php?rest_route=\/wp\/v2\/pages\/2\/revisions"}],"predecessor-version":[{"id":244,"href":"https:\/\/ragane-mistika.lt\/index.php?rest_route=\/wp\/v2\/pages\/2\/revisions\/244"}],"wp:attachment":[{"href":"https:\/\/ragane-mistika.lt\/index.php?rest_route=%2Fwp%2Fv2%2Fmedia&parent=2"}],"curies":[{"name":"wp","href":"https:\/\/api.w.org\/{rel}","templated":true}]}}