{"id":187,"date":"2022-02-23T14:10:47","date_gmt":"2022-02-23T14:10:47","guid":{"rendered":"https:\/\/ragane-mistika.lt\/?page_id=187"},"modified":"2022-02-23T14:10:47","modified_gmt":"2022-02-23T14:10:47","slug":"jusu-irasai","status":"publish","type":"page","link":"https:\/\/ragane-mistika.lt\/?page_id=187","title":{"rendered":"J\u016bs\u0173 \u012fra\u0161ai"},"content":{"rendered":"\n<p>Ra\u0161ykite arba \u012fkelkite savo \u012fra\u0161us.<\/p>\n","protected":false},"excerpt":{"rendered":"<p>Ra\u0161ykite arba \u012fkelkite savo \u012fra\u0161us.<\/p>\n","protected":false},"author":1,"featured_media":0,"parent":0,"menu_order":0,"comment_status":"closed","ping_status":"closed","template":"","meta":{"footnotes":""},"class_list":["post-187","page","type-page","status-publish","hentry"],"_links":{"self":[{"href":"https:\/\/ragane-mistika.lt\/index.php?rest_route=\/wp\/v2\/pages\/187","targetHints":{"allow":["GET"]}}],"collection":[{"href":"https:\/\/ragane-mistika.lt\/index.php?rest_route=\/wp\/v2\/pages"}],"about":[{"href":"https:\/\/ragane-mistika.lt\/index.php?rest_route=\/wp\/v2\/types\/page"}],"author":[{"embeddable":true,"href":"https:\/\/ragane-mistika.lt\/index.php?rest_route=\/wp\/v2\/users\/1"}],"replies":[{"embeddable":true,"href":"https:\/\/ragane-mistika.lt\/index.php?rest_route=%2Fwp%2Fv2%2Fcomments&post=187"}],"version-history":[{"count":1,"href":"https:\/\/ragane-mistika.lt\/index.php?rest_route=\/wp\/v2\/pages\/187\/revisions"}],"predecessor-version":[{"id":190,"href":"https:\/\/ragane-mistika.lt\/index.php?rest_route=\/wp\/v2\/pages\/187\/revisions\/190"}],"wp:attachment":[{"href":"https:\/\/ragane-mistika.lt\/index.php?rest_route=%2Fwp%2Fv2%2Fmedia&parent=187"}],"curies":[{"name":"wp","href":"https:\/\/api.w.org\/{rel}","templated":true}]}}